{"id":107,"date":"2012-06-21T13:53:39","date_gmt":"2012-06-21T13:53:39","guid":{"rendered":"https:\/\/www.havenlauwersoog.nl\/?page_id=107"},"modified":"2018-10-22T12:10:35","modified_gmt":"2018-10-22T12:10:35","slug":"faciliteiten","status":"publish","type":"page","link":"https:\/\/www.havenlauwersoog.nl\/?page_id=107","title":{"rendered":"Faciliteiten"},"content":{"rendered":"<p><!--:nl--><\/p>\n<h1>Faciliteiten<\/h1>\n<p><em><br \/>\nLauwersoog, een bijzondere locatie\u2026<\/em><br \/>\n&#8230;gelegen tussen twee natuurgebieden : de Waddenzee en het Lauwersmeer.<\/p>\n<p>Lauwersoog heeft een belangrijke buitendijkse vissershaven met een omliggend bedrijventerrein en een eigen visafslag en is de thuishaven van vele vissersschepen. Inmiddels staat Lauwersoog bekend als de grootste garnalenaanvoerhaven van Europa. De buitendijkse haven kenmerkt zich door diverse activiteiten.<\/p>\n<p>Daarnaast beschikt Haven Lauwersoog over een passantenhaven, ideaal voor een verblijf van \u00e9\u00e9n of enkele dagen.<\/p>\n<p>De steigers zijn voorzien van elektriciteit en water en in het havengebouw bevinden zich alle benodigde facilitaire voorzieningen. Horecagelegenheden\u00a0bevinden zich op loopafstand en in de\u00a0omgeving zijn diverse toeristische\u00a0trekpleisters. \u00a0Na uw vertrek kunt u via de naastgelegen zeesluis direct het Lauwersmeergebied binnenvaren.<\/p>\n<p><a href=\"http:\/\/lageplan\/\">Klik hier voor een plattegrond van de haven.<\/a><\/p>\n<h2><span style=\"text-decoration: underline;\">Faciliteiten<\/span><\/h2>\n<p>\u2022 Het hele jaar door geopend<br \/>\n\u2022 Aantal passantenplaatsen: 60<br \/>\n\u2022 Douches &amp; toiletten<br \/>\n\u2022 Wasmachines &amp; droger<br \/>\n\u2022 Watertappunt<br \/>\n\u2022 Stortplaats chemisch toilet<br \/>\n\u2022 Aansluiting op de steigers voor het storten van bruin water<br \/>\n\u2022 Tanken van benzine en diesel (via Gulf benzinepomp bij CIV &#8211; met jerrycan)<br \/>\n\u2022 Inleveren van chemisch afval en afgewerkte olie<br \/>\n\u2022 Diverse horecagelegenheden<br \/>\n\u2022\u00a0Watersportartikelenwinkel op loopafstand<\/p>\n<p>Voor meer informatie over de omgeving van Lauwersoog en bezienswaardigheden, <span style=\"color: #ff0000;\"><a href=\"https:\/\/www.havenlauwersoog.nl\/subpagina\/10\/uittips\">klik hier.<\/a><\/span><\/p>\n<p><em>Passantenhaven Lauwersoog, een bijzondere locatie\u2026<\/em><br \/>\n&#8230; gelegen op de grens van zout en zoet water.<!--:--><!--:de--><\/p>\n<h1 dir=\"ltr\">Einrichtungen<\/h1>\n<p><em><\/p>\n<p>Lauwersoog, ein besonderer Ort&#8230;<br \/>\n&#8230; gelegen zwischen zwei Naturgebieten: dem Wattenmeer und dem Lauwersmeer.<\/em><\/p>\n<p>Lauwersoog hat einen bedeutenden Au\u00dfendeich-Fischereihafen mit angrenzendem Gewerbegel\u00e4nde und eigener Fischauktion, der Heimathafen zahlreicher Fangschiffe ist. Mittlerweile hat sich Lauwersoog zum gr\u00f6\u00dften Krabbenanlandehafen Europas entwickelt. Im Au\u00dfendeichhafen herrscht rege Betriebsamkeit.<\/p>\n<p>Zum Hafen Lauwersoog geh\u00f6rt auch ein Passantenhafen, der sich optimal f\u00fcr einen ein- oder mehrt\u00e4gigen Aufenthalt eignet.<\/p>\n<p>Die Stege verf\u00fcgen \u00fcber Strom- und Wasseranschl\u00fcsse und im Hafengeb\u00e4ude befinden sich alle n\u00f6tigen Sanit\u00e4r- und anderen Einrichtungen. Gastronomische Einrichtungen sind zu Fu\u00df zu erreichen und in der Umgebung gibt es verschiedene touristische Anziehungspunkte. Nach dem Auslaufen k\u00f6nnen Sie durch die daneben gelegene Seeschleuse direkt in das Lauwersmeergebiet fahren.<\/p>\n<p><a href=\"http:\/\/lageplan\/\">Klicken Sie hier f\u00fcr einen Lageplan vom Hafen.<\/a><\/p>\n<h2 dir=\"ltr\">Einrichtungen<\/h2>\n<p>\u2022 Ganzj\u00e4hrig ge\u00f6ffnet<br \/>\n\u2022 Anzahl Passantenpl\u00e4tze: 60<br \/>\n\u2022 Duschen &#038;Toiletten<br \/>\n\u2022 Waschmaschinen &#038; Trockner<br \/>\n\u2022 Wasserzapfstelle<br \/>\n\u2022 Leerung von Chemietoiletten<br \/>\n\u2022 Abwasseranschluss auf den Stegen<br \/>\n\u2022 Benzin- und Dieseltankstelle (Gulf-Tankstelle bei CIV &#8211; mit Kanister)<br \/>\n\u2022 Entsorgung von Chemieabf\u00e4llen und Alt\u00f6l<br \/>\n\u2022 Diverse gastronomische Einrichtungen<br \/>\n\u2022\u00a0Wassersportartikelgesch\u00e4ft in Gehweite<\/p>\n<p>F\u00fcr weitere Informationen zur Umgebung von Lauwersoog und ihren Sehensw\u00fcrdigkeiten <a href=\"https:\/\/www.havenlauwersoog.nl\/subpagina\/10\/uittips\">hier klicken.<\/a><\/p>\n<p><em>Der Passantenhafen Lauwersoog, ein besonderer Ort&#8230;<br \/>\n\u2026 an der Grenze zwischen Salz- und S\u00fc\u00dfwasser.<\/em><\/p>\n<p><!--:--><!--:en--><\/p>\n<h1 dir=\"ltr\">Facilities<\/h1>\n<p><em>Lauwersoog, an exceptional location \u2026.<br \/>\n\u2026 situated between two areas of natural beauty: the Wadden Sea and the Lauwersmeer.<\/em><\/p>\n<p>Lauwersoog, an important seagoing fishing port with an accompanying industrial estate and its own fish auction, is the home port to a large number of fishing vessels. Lauwersoog has since built up a name as the largest shrimp landing port in the whole of Europe. The seaport is characterised by a number of activities.<\/p>\n<p>The Port of Lauwersoog also has its own marina, ideal for a shorter or longer stay.<\/p>\n<p>The jetties are all supplied with electricity and fresh water and the marina complex is home to the full range of required amenities. There are cafes and restaurants within walking distance and various tourist attractions in the surroundings. After your departure, you can sail landwards into the into Lauwersmeer via the adjacent sea lock.<\/p>\n<p><a href=\"http:\/\/plattegrond\/\">Click here for a map of the port<\/a><\/p>\n<h2 dir=\"ltr\">Facilities<\/h2>\n<p>\u2022 Open all year round<br \/>\n\u2022 Number of berths for transient traffic: 60<br \/>\n\u2022 Showers &amp; toilets<br \/>\n\u2022 Washing &amp; drying facilities<br \/>\n\u2022 Water points<br \/>\n\u2022 Chemical toilet processing<br \/>\n\u2022 Connections on jetties for disposal of waste water<br \/>\n\u2022 Petrol and diesel (via Gulf petrol pump at CIV \u2013 with jerry can)<br \/>\n\u2022 Chemical waste and waste oil collection point<br \/>\n\u2022 Various cafes and restaurants<br \/>\n\u2022 Water sport stores close by<\/p>\n<p>For more information about the surroundings of Lauwersoog and attractions, <a href=\"https:\/\/www.havenlauwersoog.nl\/subpagina\/10\/uittips\">click here.<\/a><\/p>\n<p><em>Lauwersoog marina, an exceptional location \u2026<br \/>\n\u2026 situated between seawater and freshwater. <\/em><!--:--><!--:fr--><\/p>\n<h1 dir=\"ltr\">\u00c9quipements<\/h1>\n<p><em>Lauwersoog, un site remarquable \u2026.<br \/>\n\u2026.situ\u00e9 entre deux r\u00e9serves naturelles : la Waddenzee et le Lauwersmeer.<\/em><\/p>\n<p>Lauwersoog poss\u00e8de un important port de p\u00eache situ\u00e9 au-del\u00e0 de la digue, avec un parc d\u2019activit\u00e9s attenant et sa propre cri\u00e9e. C\u2019est le port d\u2019attache de nombreux bateaux de p\u00eache. Aujourd\u2019hui Lauwersoog est connu comme le plus grand port d\u2019arrivage de crevettes d\u2019Europe. Situ\u00e9 au-del\u00e0 de la digue, il se caract\u00e9rise par ses activit\u00e9s diverses.<\/p>\n<p>Port Lauwersoog dispose en outre d\u2019une zone r\u00e9serv\u00e9e aux bateaux de passage, id\u00e9al pour une escale d\u2019une seule journ\u00e9e ou de plusieurs jours.<\/p>\n<p>Les pontons sont \u00e9quip\u00e9s de points d\u2019eau et d\u2019\u00e9lectricit\u00e9 et la capitainerie propose tous les \u00e9quipements n\u00e9cessaires. Les caf\u00e9s, bars et restaurants se trouvent \u00e0 proximit\u00e9 et les environs comptent divers sites touristiques. Apr\u00e8s votre d\u00e9part, vous pouvez rallier directement la zone du Lauwersmeer par l\u2019\u00e9cluse maritime.<\/p>\n<p><a href=\"http:\/\/plattegrond\/\">Cliquez ici pour un plan du port <\/a><\/p>\n<h2 dir=\"ltr\">\u00c9quipements<\/h2>\n<p>\u2022 Ouvert toute l\u2019ann\u00e9e<br \/>\n\u2022 Nombre de places r\u00e9serv\u00e9es aux plaisanciers de passage : 60<br \/>\n\u2022 Douches &amp; toilettes<br \/>\n\u2022 Lave-linges &amp; s\u00e8che-linge<br \/>\n\u2022 Point d\u2019eau<br \/>\n\u2022 Vidange des toilettes chimiques<br \/>\n\u2022 Raccordement sur les pontons pour la vidange des eaux grises\/noires<br \/>\n\u2022 Pompe \u00e0 essence et de gas-oil (Gulf \u00e0 c\u00f4t\u00e9 de la coop\u00e9rative CIV &#8211; avec jerrycan)<br \/>\n\u2022 R\u00e9cup\u00e9ration des d\u00e9chets chimiques et des huiles usag\u00e9es<br \/>\n\u2022 Diff\u00e9rents caf\u00e9s, bars, restaurants, h\u00f4tels<br \/>\n\u2022\u00a0Magasin de sport nautique \u00e0 proximit\u00e9<\/p>\n<p>Pour plus d\u2019information sur les environs de Lauwersoog et des curiosit\u00e9s, <a href=\"https:\/\/www.havenlauwersoog.nl\/subpagina\/10\/uittips\">cliquez ici.<\/a><\/p>\n<p><em>Le port de passage Lauwersoog, un site remarquable \u2026<br \/>\n\u2026 situ\u00e9 \u00e0 la limite entre eau douce et eau sal\u00e9e.<\/em><!--:--><\/p>\n","protected":false},"excerpt":{"rendered":"<p>Faciliteiten Lauwersoog, een bijzondere locatie\u2026 &#8230;gelegen tussen twee natuurgebieden : de Waddenzee en het Lauwersmeer. Lauwersoog heeft een belangrijke buitendijkse vissershaven met een omliggend bedrijventerrein&hellip;<\/p>\n","protected":false},"author":3094,"featured_media":0,"parent":856,"menu_order":0,"comment_status":"closed","ping_status":"open","template":"","meta":{"_crdt_document":"","footnotes":""},"class_list":["post-107","page","type-page","status-publish","hentry"],"_links":{"self":[{"href":"https:\/\/www.havenlauwersoog.nl\/index.php?rest_route=\/wp\/v2\/pages\/107","targetHints":{"allow":["GET"]}}],"collection":[{"href":"https:\/\/www.havenlauwersoog.nl\/index.php?rest_route=\/wp\/v2\/pages"}],"about":[{"href":"https:\/\/www.havenlauwersoog.nl\/index.php?rest_route=\/wp\/v2\/types\/page"}],"author":[{"embeddable":true,"href":"https:\/\/www.havenlauwersoog.nl\/index.php?rest_route=\/wp\/v2\/users\/3094"}],"replies":[{"embeddable":true,"href":"https:\/\/www.havenlauwersoog.nl\/index.php?rest_route=%2Fwp%2Fv2%2Fcomments&post=107"}],"version-history":[{"count":1,"href":"https:\/\/www.havenlauwersoog.nl\/index.php?rest_route=\/wp\/v2\/pages\/107\/revisions"}],"predecessor-version":[{"id":950,"href":"https:\/\/www.havenlauwersoog.nl\/index.php?rest_route=\/wp\/v2\/pages\/107\/revisions\/950"}],"up":[{"embeddable":true,"href":"https:\/\/www.havenlauwersoog.nl\/index.php?rest_route=\/wp\/v2\/pages\/856"}],"wp:attachment":[{"href":"https:\/\/www.havenlauwersoog.nl\/index.php?rest_route=%2Fwp%2Fv2%2Fmedia&parent=107"}],"curies":[{"name":"wp","href":"https:\/\/api.w.org\/{rel}","templated":true}]}}